{"id":2420,"date":"2017-03-09T14:36:00","date_gmt":"2017-03-09T13:36:00","guid":{"rendered":"http:\/\/anteriores-templates.com\/product\/flippit-foto-app\/"},"modified":"2017-11-13T11:44:21","modified_gmt":"2017-11-13T10:44:21","slug":"flippit-foto-app","status":"publish","type":"product","link":"https:\/\/anteriores-templates.com\/de\/produkt\/flippit-foto-app\/","title":{"rendered":"FlippIt (Windows)"},"content":{"rendered":"<p><strong>FlippIt<\/strong> ist eine sehr n\u00fctzliche Software f\u00fcr die Dentalfotografie.<\/p>\n<p>&nbsp;<\/p>\n<p>Intraorale Fotos werden haupts\u00e4chlich mittels eines Spiegels aufgenommen. Diese sind nun aber alle spiegelverkehrt. Mit FlippIt k\u00f6nnen Sie eine gro\u00dfe Anzahl an Bildern ganz einfach in beliebige Richtungen spiegeln, indem Sie sie in die Dropzone von FlippIt ziehen.<\/p>\n<p>&nbsp;<\/p>\n<p>Spiegeln Sie horizontal und vertikal, drehen Sie um 90\u00b0 im und entgegen des Uhrzeigersinns. <\/p>\n<p>&nbsp;<\/p>\n<p><strong>Mac version bald erh\u00e4ltlich!<\/strong><\/p>\n","protected":false},"excerpt":{"rendered":"<p>FlippIt ist eine sehr n\u00fctzliche Software f\u00fcr die Dentalfotografie. &nbsp;  [&#8230;]<\/p>\n","protected":false},"featured_media":2422,"comment_status":"closed","ping_status":"closed","template":"","meta":[],"product_brand":[],"product_cat":[33],"product_tag":[],"class_list":{"0":"post-2420","1":"product","2":"type-product","3":"status-publish","4":"has-post-thumbnail","6":"product_cat-uncategorized","8":"first","9":"instock","10":"featured","11":"downloadable","12":"taxable","13":"shipping-taxable","14":"purchasable","15":"product-type-simple"},"yoast_head":"<!-- This site is optimized with the Yoast SEO plugin v27.3 - https:\/\/yoast.com\/product\/yoast-seo-wordpress\/ -->\n<title>FlippIt (Windows) - Anteriores Templates<\/title>\n<meta name=\"robots\" content=\"index, follow, max-snippet:-1, max-image-preview:large, max-video-preview:-1\" \/>\n<link rel=\"canonical\" href=\"https:\/\/anteriores-templates.com\/de\/produkt\/flippit-foto-app\/\" \/>\n<meta property=\"og:locale\" content=\"de_DE\" \/>\n<meta property=\"og:type\" content=\"article\" \/>\n<meta property=\"og:title\" content=\"FlippIt (Windows) - Anteriores Templates\" \/>\n<meta property=\"og:description\" content=\"FlippIt ist eine sehr n\u00fctzliche Software f\u00fcr die Dentalfotografie. &nbsp; [...]\" \/>\n<meta property=\"og:url\" content=\"https:\/\/anteriores-templates.com\/de\/produkt\/flippit-foto-app\/\" \/>\n<meta property=\"og:site_name\" content=\"Anteriores Templates\" \/>\n<meta property=\"article:modified_time\" content=\"2017-11-13T10:44:21+00:00\" \/>\n<meta property=\"og:image\" content=\"https:\/\/anteriores-templates.com\/wp-content\/uploads\/2017\/03\/Screenshot-1.jpg\" \/>\n\t<meta property=\"og:image:width\" content=\"876\" \/>\n\t<meta property=\"og:image:height\" content=\"876\" \/>\n\t<meta property=\"og:image:type\" content=\"image\/jpeg\" \/>\n<meta name=\"twitter:card\" content=\"summary_large_image\" \/>\n<script type=\"application\/ld+json\" class=\"yoast-schema-graph\">{\"@context\":\"https:\\\/\\\/schema.org\",\"@graph\":[{\"@type\":\"WebPage\",\"@id\":\"https:\\\/\\\/anteriores-templates.com\\\/de\\\/produkt\\\/flippit-foto-app\\\/\",\"url\":\"https:\\\/\\\/anteriores-templates.com\\\/de\\\/produkt\\\/flippit-foto-app\\\/\",\"name\":\"FlippIt (Windows) - Anteriores Templates\",\"isPartOf\":{\"@id\":\"https:\\\/\\\/anteriores-templates.com\\\/#website\"},\"primaryImageOfPage\":{\"@id\":\"https:\\\/\\\/anteriores-templates.com\\\/de\\\/produkt\\\/flippit-foto-app\\\/#primaryimage\"},\"image\":{\"@id\":\"https:\\\/\\\/anteriores-templates.com\\\/de\\\/produkt\\\/flippit-foto-app\\\/#primaryimage\"},\"thumbnailUrl\":\"https:\\\/\\\/anteriores-templates.com\\\/wp-content\\\/uploads\\\/2017\\\/03\\\/Screenshot-1.jpg\",\"datePublished\":\"2017-03-09T13:36:00+00:00\",\"dateModified\":\"2017-11-13T10:44:21+00:00\",\"breadcrumb\":{\"@id\":\"https:\\\/\\\/anteriores-templates.com\\\/de\\\/produkt\\\/flippit-foto-app\\\/#breadcrumb\"},\"inLanguage\":\"de\",\"potentialAction\":[{\"@type\":\"ReadAction\",\"target\":[\"https:\\\/\\\/anteriores-templates.com\\\/de\\\/produkt\\\/flippit-foto-app\\\/\"]}]},{\"@type\":\"ImageObject\",\"inLanguage\":\"de\",\"@id\":\"https:\\\/\\\/anteriores-templates.com\\\/de\\\/produkt\\\/flippit-foto-app\\\/#primaryimage\",\"url\":\"https:\\\/\\\/anteriores-templates.com\\\/wp-content\\\/uploads\\\/2017\\\/03\\\/Screenshot-1.jpg\",\"contentUrl\":\"https:\\\/\\\/anteriores-templates.com\\\/wp-content\\\/uploads\\\/2017\\\/03\\\/Screenshot-1.jpg\",\"width\":876,\"height\":876},{\"@type\":\"BreadcrumbList\",\"@id\":\"https:\\\/\\\/anteriores-templates.com\\\/de\\\/produkt\\\/flippit-foto-app\\\/#breadcrumb\",\"itemListElement\":[{\"@type\":\"ListItem\",\"position\":1,\"name\":\"Home\",\"item\":\"https:\\\/\\\/anteriores-templates.com\\\/de\\\/\"},{\"@type\":\"ListItem\",\"position\":2,\"name\":\"Shop\",\"item\":\"https:\\\/\\\/anteriores-templates.com\\\/de\\\/shop\\\/\"},{\"@type\":\"ListItem\",\"position\":3,\"name\":\"FlippIt (Windows)\"}]},{\"@type\":\"WebSite\",\"@id\":\"https:\\\/\\\/anteriores-templates.com\\\/#website\",\"url\":\"https:\\\/\\\/anteriores-templates.com\\\/\",\"name\":\"Anteriores Templates\",\"description\":\"Templates for Digital Smile Design (DSD)\",\"potentialAction\":[{\"@type\":\"SearchAction\",\"target\":{\"@type\":\"EntryPoint\",\"urlTemplate\":\"https:\\\/\\\/anteriores-templates.com\\\/?s={search_term_string}\"},\"query-input\":{\"@type\":\"PropertyValueSpecification\",\"valueRequired\":true,\"valueName\":\"search_term_string\"}}],\"inLanguage\":\"de\"}]}<\/script>\n<!-- \/ Yoast SEO plugin. -->","yoast_head_json":{"title":"FlippIt (Windows) - Anteriores Templates","robots":{"index":"index","follow":"follow","max-snippet":"max-snippet:-1","max-image-preview":"max-image-preview:large","max-video-preview":"max-video-preview:-1"},"canonical":"https:\/\/anteriores-templates.com\/de\/produkt\/flippit-foto-app\/","og_locale":"de_DE","og_type":"article","og_title":"FlippIt (Windows) - Anteriores Templates","og_description":"FlippIt ist eine sehr n\u00fctzliche Software f\u00fcr die Dentalfotografie. &nbsp; [...]","og_url":"https:\/\/anteriores-templates.com\/de\/produkt\/flippit-foto-app\/","og_site_name":"Anteriores Templates","article_modified_time":"2017-11-13T10:44:21+00:00","og_image":[{"width":876,"height":876,"url":"https:\/\/anteriores-templates.com\/wp-content\/uploads\/2017\/03\/Screenshot-1.jpg","type":"image\/jpeg"}],"twitter_card":"summary_large_image","schema":{"@context":"https:\/\/schema.org","@graph":[{"@type":"WebPage","@id":"https:\/\/anteriores-templates.com\/de\/produkt\/flippit-foto-app\/","url":"https:\/\/anteriores-templates.com\/de\/produkt\/flippit-foto-app\/","name":"FlippIt (Windows) - Anteriores Templates","isPartOf":{"@id":"https:\/\/anteriores-templates.com\/#website"},"primaryImageOfPage":{"@id":"https:\/\/anteriores-templates.com\/de\/produkt\/flippit-foto-app\/#primaryimage"},"image":{"@id":"https:\/\/anteriores-templates.com\/de\/produkt\/flippit-foto-app\/#primaryimage"},"thumbnailUrl":"https:\/\/anteriores-templates.com\/wp-content\/uploads\/2017\/03\/Screenshot-1.jpg","datePublished":"2017-03-09T13:36:00+00:00","dateModified":"2017-11-13T10:44:21+00:00","breadcrumb":{"@id":"https:\/\/anteriores-templates.com\/de\/produkt\/flippit-foto-app\/#breadcrumb"},"inLanguage":"de","potentialAction":[{"@type":"ReadAction","target":["https:\/\/anteriores-templates.com\/de\/produkt\/flippit-foto-app\/"]}]},{"@type":"ImageObject","inLanguage":"de","@id":"https:\/\/anteriores-templates.com\/de\/produkt\/flippit-foto-app\/#primaryimage","url":"https:\/\/anteriores-templates.com\/wp-content\/uploads\/2017\/03\/Screenshot-1.jpg","contentUrl":"https:\/\/anteriores-templates.com\/wp-content\/uploads\/2017\/03\/Screenshot-1.jpg","width":876,"height":876},{"@type":"BreadcrumbList","@id":"https:\/\/anteriores-templates.com\/de\/produkt\/flippit-foto-app\/#breadcrumb","itemListElement":[{"@type":"ListItem","position":1,"name":"Home","item":"https:\/\/anteriores-templates.com\/de\/"},{"@type":"ListItem","position":2,"name":"Shop","item":"https:\/\/anteriores-templates.com\/de\/shop\/"},{"@type":"ListItem","position":3,"name":"FlippIt (Windows)"}]},{"@type":"WebSite","@id":"https:\/\/anteriores-templates.com\/#website","url":"https:\/\/anteriores-templates.com\/","name":"Anteriores Templates","description":"Templates for Digital Smile Design (DSD)","potentialAction":[{"@type":"SearchAction","target":{"@type":"EntryPoint","urlTemplate":"https:\/\/anteriores-templates.com\/?s={search_term_string}"},"query-input":{"@type":"PropertyValueSpecification","valueRequired":true,"valueName":"search_term_string"}}],"inLanguage":"de"}]}},"_links":{"self":[{"href":"https:\/\/anteriores-templates.com\/de\/wp-json\/wp\/v2\/product\/2420","targetHints":{"allow":["GET"]}}],"collection":[{"href":"https:\/\/anteriores-templates.com\/de\/wp-json\/wp\/v2\/product"}],"about":[{"href":"https:\/\/anteriores-templates.com\/de\/wp-json\/wp\/v2\/types\/product"}],"replies":[{"embeddable":true,"href":"https:\/\/anteriores-templates.com\/de\/wp-json\/wp\/v2\/comments?post=2420"}],"wp:featuredmedia":[{"embeddable":true,"href":"https:\/\/anteriores-templates.com\/de\/wp-json\/wp\/v2\/media\/2422"}],"wp:attachment":[{"href":"https:\/\/anteriores-templates.com\/de\/wp-json\/wp\/v2\/media?parent=2420"}],"wp:term":[{"taxonomy":"product_brand","embeddable":true,"href":"https:\/\/anteriores-templates.com\/de\/wp-json\/wp\/v2\/product_brand?post=2420"},{"taxonomy":"product_cat","embeddable":true,"href":"https:\/\/anteriores-templates.com\/de\/wp-json\/wp\/v2\/product_cat?post=2420"},{"taxonomy":"product_tag","embeddable":true,"href":"https:\/\/anteriores-templates.com\/de\/wp-json\/wp\/v2\/product_tag?post=2420"}],"curies":[{"name":"wp","href":"https:\/\/api.w.org\/{rel}","templated":true}]}}