{"id":2182,"date":"2017-11-07T11:04:39","date_gmt":"2017-11-07T10:04:39","guid":{"rendered":"http:\/\/anteriores-templates.com\/de\/?page_id=2182"},"modified":"2017-11-07T11:04:39","modified_gmt":"2017-11-07T10:04:39","slug":"resin-modelle","status":"publish","type":"page","link":"https:\/\/anteriores-templates.com\/de\/resin-modelle\/","title":{"rendered":"Resin Modelle"},"content":{"rendered":"<div class=\"fusion-fullwidth fullwidth-box fusion-builder-row-1 nonhundred-percent-fullwidth non-hundred-percent-height-scrolling\" style=\"--awb-border-radius-top-left:0px;--awb-border-radius-top-right:0px;--awb-border-radius-bottom-right:0px;--awb-border-radius-bottom-left:0px;--awb-flex-wrap:wrap;\" ><div class=\"fusion-builder-row fusion-row\"><div class=\"fusion-layout-column fusion_builder_column fusion-builder-column-0 fusion_builder_column_1_1 1_1 fusion-one-full fusion-column-first fusion-column-last\" style=\"--awb-bg-size:cover;\"><div class=\"fusion-column-wrapper fusion-flex-column-wrapper-legacy\"><div class=\"fusion-title title fusion-title-1 fusion-sep-none fusion-title-text fusion-title-size-one\" style=\"--awb-margin-top-small:10px;--awb-margin-right-small:0px;--awb-margin-bottom-small:10px;--awb-margin-left-small:0px;\"><h1 class=\"fusion-title-heading title-heading-left\" style=\"margin:0;\">Resin Modelle<\/h1><\/div><div class=\"fusion-clearfix\"><\/div><\/div><\/div><div class=\"fusion-layout-column fusion_builder_column fusion-builder-column-1 fusion_builder_column_1_1 1_1 fusion-one-full fusion-column-first fusion-column-last\" style=\"--awb-bg-size:cover;\"><div class=\"fusion-column-wrapper fusion-flex-column-wrapper-legacy\"><div class=\"fusion-text fusion-text-1\"><p>Hochqualitative Modelle aller F\u00e4lle aus Dr. Jan Hajt\u00f3s Buch &#8222;ANTERIORES \u2013 Nat\u00fcrlich sch\u00f6ne Frontz\u00e4hne&#8220; aus Kunststoff. Diese k\u00f6nnen direkt beim Hersteller bezogen werden: <a href=\"http:\/\/www.wichnalek-dl.de\/shop\/de\/anteriores-dsd-skyn1\" target=\"_blank\" rel=\"noopener\">MDT Norbert Wichnalek<\/a><\/p>\n<p>Dort finden Sie au\u00dferdem die passenden Wachsveneers f\u00fcr ein effizientes, \u00e4sthetisches Wax-up.<\/p>\n<\/div><div class=\"fusion-clearfix\"><\/div><\/div><\/div><div class=\"fusion-layout-column fusion_builder_column fusion-builder-column-2 fusion_builder_column_1_2 1_2 fusion-one-half fusion-column-first\" style=\"--awb-bg-size:cover;width:50%;width:calc(50% - ( ( 4% ) * 0.5 ) );margin-right: 4%;\"><div class=\"fusion-column-wrapper fusion-flex-column-wrapper-legacy\"><div class=\"fusion-image-element in-legacy-container\" style=\"--awb-caption-title-font-family:var(--h2_typography-font-family);--awb-caption-title-font-weight:var(--h2_typography-font-weight);--awb-caption-title-font-style:var(--h2_typography-font-style);--awb-caption-title-size:var(--h2_typography-font-size);--awb-caption-title-transform:var(--h2_typography-text-transform);--awb-caption-title-line-height:var(--h2_typography-line-height);--awb-caption-title-letter-spacing:var(--h2_typography-letter-spacing);\"><span class=\" fusion-imageframe imageframe-none imageframe-1 hover-type-none fusion-animated\" data-animationType=\"slideInLeft\" data-animationDuration=\"0.3\" data-animationOffset=\"top-into-view\"><img decoding=\"async\" width=\"1024\" height=\"512\" title=\"Resin Models\" src=\"https:\/\/anteriores-templates.com\/wp-content\/uploads\/2014\/12\/resin-models1.jpg\" alt class=\"img-responsive wp-image-518\" srcset=\"https:\/\/anteriores-templates.com\/wp-content\/uploads\/2014\/12\/resin-models1-90x45.jpg 90w, https:\/\/anteriores-templates.com\/wp-content\/uploads\/2014\/12\/resin-models1-150x75.jpg 150w, https:\/\/anteriores-templates.com\/wp-content\/uploads\/2014\/12\/resin-models1-300x150.jpg 300w, https:\/\/anteriores-templates.com\/wp-content\/uploads\/2014\/12\/resin-models1-500x250.jpg 500w, https:\/\/anteriores-templates.com\/wp-content\/uploads\/2014\/12\/resin-models1-540x270.jpg 540w, https:\/\/anteriores-templates.com\/wp-content\/uploads\/2014\/12\/resin-models1-700x350.jpg 700w, https:\/\/anteriores-templates.com\/wp-content\/uploads\/2014\/12\/resin-models1-768x384.jpg 768w, https:\/\/anteriores-templates.com\/wp-content\/uploads\/2014\/12\/resin-models1-1000x500.jpg 1000w, https:\/\/anteriores-templates.com\/wp-content\/uploads\/2014\/12\/resin-models1.jpg 1024w\" sizes=\"(max-width: 1024px) 100vw, 1024px\" \/><\/span><\/div><div class=\"fusion-clearfix\"><\/div><\/div><\/div><div class=\"fusion-layout-column fusion_builder_column fusion-builder-column-3 fusion_builder_column_1_2 1_2 fusion-one-half fusion-column-last\" style=\"--awb-bg-size:cover;width:50%;width:calc(50% - ( ( 4% ) * 0.5 ) );\"><div class=\"fusion-column-wrapper fusion-flex-column-wrapper-legacy\"><div class=\"fusion-image-element in-legacy-container\" style=\"--awb-caption-title-font-family:var(--h2_typography-font-family);--awb-caption-title-font-weight:var(--h2_typography-font-weight);--awb-caption-title-font-style:var(--h2_typography-font-style);--awb-caption-title-size:var(--h2_typography-font-size);--awb-caption-title-transform:var(--h2_typography-text-transform);--awb-caption-title-line-height:var(--h2_typography-line-height);--awb-caption-title-letter-spacing:var(--h2_typography-letter-spacing);\"><span class=\" fusion-imageframe imageframe-none imageframe-2 hover-type-none fusion-animated\" data-animationType=\"slideInRight\" data-animationDuration=\"0.3\" data-animationOffset=\"top-into-view\"><img decoding=\"async\" width=\"1024\" height=\"512\" title=\"Resin Models\" src=\"https:\/\/anteriores-templates.com\/wp-content\/uploads\/2014\/12\/resin-models2.jpg\" alt class=\"img-responsive wp-image-519\" srcset=\"https:\/\/anteriores-templates.com\/wp-content\/uploads\/2014\/12\/resin-models2-90x45.jpg 90w, https:\/\/anteriores-templates.com\/wp-content\/uploads\/2014\/12\/resin-models2-150x75.jpg 150w, https:\/\/anteriores-templates.com\/wp-content\/uploads\/2014\/12\/resin-models2-300x150.jpg 300w, https:\/\/anteriores-templates.com\/wp-content\/uploads\/2014\/12\/resin-models2-500x250.jpg 500w, https:\/\/anteriores-templates.com\/wp-content\/uploads\/2014\/12\/resin-models2-540x270.jpg 540w, https:\/\/anteriores-templates.com\/wp-content\/uploads\/2014\/12\/resin-models2-700x350.jpg 700w, https:\/\/anteriores-templates.com\/wp-content\/uploads\/2014\/12\/resin-models2-768x384.jpg 768w, https:\/\/anteriores-templates.com\/wp-content\/uploads\/2014\/12\/resin-models2-1000x500.jpg 1000w, https:\/\/anteriores-templates.com\/wp-content\/uploads\/2014\/12\/resin-models2.jpg 1024w\" sizes=\"(max-width: 1024px) 100vw, 1024px\" \/><\/span><\/div><div class=\"fusion-clearfix\"><\/div><\/div><\/div><\/div><\/div>\n","protected":false},"excerpt":{"rendered":"","protected":false},"author":1,"featured_media":0,"parent":0,"menu_order":0,"comment_status":"closed","ping_status":"closed","template":"","meta":{"footnotes":""},"class_list":["post-2182","page","type-page","status-publish","hentry"],"yoast_head":"<!-- This site is optimized with the Yoast SEO plugin v27.3 - https:\/\/yoast.com\/product\/yoast-seo-wordpress\/ -->\n<title>Resin Modelle - Anteriores Templates<\/title>\n<meta name=\"robots\" content=\"index, follow, max-snippet:-1, max-image-preview:large, max-video-preview:-1\" \/>\n<link rel=\"canonical\" href=\"https:\/\/anteriores-templates.com\/de\/resin-modelle\/\" \/>\n<meta property=\"og:locale\" content=\"de_DE\" \/>\n<meta property=\"og:type\" content=\"article\" \/>\n<meta property=\"og:title\" content=\"Resin Modelle - Anteriores Templates\" \/>\n<meta property=\"og:url\" content=\"https:\/\/anteriores-templates.com\/de\/resin-modelle\/\" \/>\n<meta property=\"og:site_name\" content=\"Anteriores Templates\" \/>\n<meta name=\"twitter:card\" content=\"summary_large_image\" \/>\n<meta name=\"twitter:label1\" content=\"Gesch\u00e4tzte Lesezeit\" \/>\n\t<meta name=\"twitter:data1\" content=\"3\u00a0Minuten\" \/>\n<script type=\"application\/ld+json\" class=\"yoast-schema-graph\">{\"@context\":\"https:\\\/\\\/schema.org\",\"@graph\":[{\"@type\":\"WebPage\",\"@id\":\"https:\\\/\\\/anteriores-templates.com\\\/de\\\/resin-modelle\\\/\",\"url\":\"https:\\\/\\\/anteriores-templates.com\\\/de\\\/resin-modelle\\\/\",\"name\":\"Resin Modelle - Anteriores Templates\",\"isPartOf\":{\"@id\":\"https:\\\/\\\/anteriores-templates.com\\\/#website\"},\"datePublished\":\"2017-11-07T10:04:39+00:00\",\"breadcrumb\":{\"@id\":\"https:\\\/\\\/anteriores-templates.com\\\/de\\\/resin-modelle\\\/#breadcrumb\"},\"inLanguage\":\"de\",\"potentialAction\":[{\"@type\":\"ReadAction\",\"target\":[\"https:\\\/\\\/anteriores-templates.com\\\/de\\\/resin-modelle\\\/\"]}]},{\"@type\":\"BreadcrumbList\",\"@id\":\"https:\\\/\\\/anteriores-templates.com\\\/de\\\/resin-modelle\\\/#breadcrumb\",\"itemListElement\":[{\"@type\":\"ListItem\",\"position\":1,\"name\":\"Home\",\"item\":\"https:\\\/\\\/anteriores-templates.com\\\/de\\\/\"},{\"@type\":\"ListItem\",\"position\":2,\"name\":\"Resin Modelle\"}]},{\"@type\":\"WebSite\",\"@id\":\"https:\\\/\\\/anteriores-templates.com\\\/#website\",\"url\":\"https:\\\/\\\/anteriores-templates.com\\\/\",\"name\":\"Anteriores Templates\",\"description\":\"Templates for Digital Smile Design (DSD)\",\"potentialAction\":[{\"@type\":\"SearchAction\",\"target\":{\"@type\":\"EntryPoint\",\"urlTemplate\":\"https:\\\/\\\/anteriores-templates.com\\\/?s={search_term_string}\"},\"query-input\":{\"@type\":\"PropertyValueSpecification\",\"valueRequired\":true,\"valueName\":\"search_term_string\"}}],\"inLanguage\":\"de\"}]}<\/script>\n<!-- \/ Yoast SEO plugin. -->","yoast_head_json":{"title":"Resin Modelle - Anteriores Templates","robots":{"index":"index","follow":"follow","max-snippet":"max-snippet:-1","max-image-preview":"max-image-preview:large","max-video-preview":"max-video-preview:-1"},"canonical":"https:\/\/anteriores-templates.com\/de\/resin-modelle\/","og_locale":"de_DE","og_type":"article","og_title":"Resin Modelle - Anteriores Templates","og_url":"https:\/\/anteriores-templates.com\/de\/resin-modelle\/","og_site_name":"Anteriores Templates","twitter_card":"summary_large_image","twitter_misc":{"Gesch\u00e4tzte Lesezeit":"3\u00a0Minuten"},"schema":{"@context":"https:\/\/schema.org","@graph":[{"@type":"WebPage","@id":"https:\/\/anteriores-templates.com\/de\/resin-modelle\/","url":"https:\/\/anteriores-templates.com\/de\/resin-modelle\/","name":"Resin Modelle - Anteriores Templates","isPartOf":{"@id":"https:\/\/anteriores-templates.com\/#website"},"datePublished":"2017-11-07T10:04:39+00:00","breadcrumb":{"@id":"https:\/\/anteriores-templates.com\/de\/resin-modelle\/#breadcrumb"},"inLanguage":"de","potentialAction":[{"@type":"ReadAction","target":["https:\/\/anteriores-templates.com\/de\/resin-modelle\/"]}]},{"@type":"BreadcrumbList","@id":"https:\/\/anteriores-templates.com\/de\/resin-modelle\/#breadcrumb","itemListElement":[{"@type":"ListItem","position":1,"name":"Home","item":"https:\/\/anteriores-templates.com\/de\/"},{"@type":"ListItem","position":2,"name":"Resin Modelle"}]},{"@type":"WebSite","@id":"https:\/\/anteriores-templates.com\/#website","url":"https:\/\/anteriores-templates.com\/","name":"Anteriores Templates","description":"Templates for Digital Smile Design (DSD)","potentialAction":[{"@type":"SearchAction","target":{"@type":"EntryPoint","urlTemplate":"https:\/\/anteriores-templates.com\/?s={search_term_string}"},"query-input":{"@type":"PropertyValueSpecification","valueRequired":true,"valueName":"search_term_string"}}],"inLanguage":"de"}]}},"_links":{"self":[{"href":"https:\/\/anteriores-templates.com\/de\/wp-json\/wp\/v2\/pages\/2182","targetHints":{"allow":["GET"]}}],"collection":[{"href":"https:\/\/anteriores-templates.com\/de\/wp-json\/wp\/v2\/pages"}],"about":[{"href":"https:\/\/anteriores-templates.com\/de\/wp-json\/wp\/v2\/types\/page"}],"author":[{"embeddable":true,"href":"https:\/\/anteriores-templates.com\/de\/wp-json\/wp\/v2\/users\/1"}],"replies":[{"embeddable":true,"href":"https:\/\/anteriores-templates.com\/de\/wp-json\/wp\/v2\/comments?post=2182"}],"version-history":[{"count":0,"href":"https:\/\/anteriores-templates.com\/de\/wp-json\/wp\/v2\/pages\/2182\/revisions"}],"wp:attachment":[{"href":"https:\/\/anteriores-templates.com\/de\/wp-json\/wp\/v2\/media?parent=2182"}],"curies":[{"name":"wp","href":"https:\/\/api.w.org\/{rel}","templated":true}]}}