{"id":2177,"date":"2017-11-07T10:53:14","date_gmt":"2017-11-07T09:53:14","guid":{"rendered":"http:\/\/anteriores-templates.com\/de\/?page_id=2177"},"modified":"2025-01-29T15:55:21","modified_gmt":"2025-01-29T14:55:21","slug":"3d-dateien-stl-exocad","status":"publish","type":"page","link":"https:\/\/anteriores-templates.com\/de\/3d-dateien-stl-exocad\/","title":{"rendered":"3D Dateien (STL)"},"content":{"rendered":"<div class=\"fusion-fullwidth fullwidth-box fusion-builder-row-1 nonhundred-percent-fullwidth non-hundred-percent-height-scrolling\" style=\"--awb-border-radius-top-left:0px;--awb-border-radius-top-right:0px;--awb-border-radius-bottom-right:0px;--awb-border-radius-bottom-left:0px;--awb-flex-wrap:wrap;\" ><div class=\"fusion-builder-row fusion-row\"><div class=\"fusion-layout-column fusion_builder_column fusion-builder-column-0 fusion_builder_column_1_1 1_1 fusion-one-full fusion-column-first fusion-column-last\" style=\"--awb-bg-size:cover;\"><div class=\"fusion-column-wrapper fusion-flex-column-wrapper-legacy\"><div class=\"fusion-title title fusion-title-1 fusion-sep-none fusion-title-text fusion-title-size-one\" style=\"--awb-margin-top-small:10px;--awb-margin-right-small:0px;--awb-margin-bottom-small:10px;--awb-margin-left-small:0px;\"><h1 class=\"fusion-title-heading title-heading-left\" style=\"margin:0;\">Anteriores 3D Paket<\/h1><\/div><div class=\"fusion-clearfix\"><\/div><\/div><\/div><div class=\"fusion-layout-column fusion_builder_column fusion-builder-column-1 fusion_builder_column_1_1 1_1 fusion-one-full fusion-column-first fusion-column-last\" style=\"--awb-bg-size:cover;\"><div class=\"fusion-column-wrapper fusion-flex-column-wrapper-legacy\"><div class=\"fusion-text fusion-text-1\"><p>Dieses Paket beinhaltet 3D-Dateien (bin\u00e4res STL Format und EXOCAD Format) der ausgew\u00e4hlten Z\u00e4hne aus Dr. Jan Hajt\u00f3s Buch &#8222;ANTERIORES \u2013 Nat\u00fcrlich sch\u00f6ne Frontz\u00e4hne&#8220;:<\/p>\n<ul>\n<li>10 weibliche Modelle: \u00a0F1, F2, F6, F8, F12, F14, F16, F19, F23, F31<\/li>\n<li>4 m\u00e4nnliche Modelle: M2, M5, M7, M9<\/li>\n<li>2 untere Modelle: \u00a0U1 F13, U2 F32<\/li>\n<\/ul>\n<p>Installations-Tutorial f\u00fcr EXOCAD: <a href=\"https:\/\/anteriores-templates.com\/wp-content\/uploads\/2018\/02\/Jan-Hajt\u00f3-ANTERIORES-installation-tutorial.pdf\" target=\"_blank\" rel=\"noopener\">PDF Herunterladen (1,4 MB)<\/a><\/p>\n<\/div><div class=\"fusion-clearfix\"><\/div><\/div><\/div><div class=\"fusion-layout-column fusion_builder_column fusion-builder-column-2 fusion_builder_column_1_1 1_1 fusion-one-full fusion-column-first fusion-column-last\" style=\"--awb-bg-size:cover;\"><div class=\"fusion-column-wrapper fusion-flex-column-wrapper-legacy\"><div class=\"fusion-title title fusion-title-2 fusion-sep-none fusion-title-text fusion-title-size-two\" style=\"--awb-margin-top-small:10px;--awb-margin-right-small:0px;--awb-margin-bottom-small:10px;--awb-margin-left-small:0px;\"><h2 class=\"fusion-title-heading title-heading-left\" style=\"margin:0;\">For jede Form beinhaltet das Paket:<\/h2><\/div><div class=\"fusion-clearfix\"><\/div><\/div><\/div><div class=\"fusion-layout-column fusion_builder_column fusion-builder-column-3 fusion_builder_column_1_2 1_2 fusion-one-half fusion-column-first\" style=\"--awb-bg-size:cover;width:50%;width:calc(50% - ( ( 4% ) * 0.5 ) );margin-right: 4%;\"><div class=\"fusion-column-wrapper fusion-flex-column-wrapper-legacy\"><div class=\"fusion-image-element in-legacy-container\" style=\"--awb-caption-title-font-family:var(--h2_typography-font-family);--awb-caption-title-font-weight:var(--h2_typography-font-weight);--awb-caption-title-font-style:var(--h2_typography-font-style);--awb-caption-title-size:var(--h2_typography-font-size);--awb-caption-title-transform:var(--h2_typography-text-transform);--awb-caption-title-line-height:var(--h2_typography-line-height);--awb-caption-title-letter-spacing:var(--h2_typography-letter-spacing);\"><span class=\" fusion-imageframe imageframe-none imageframe-1 hover-type-none fusion-animated\" data-animationType=\"slideInLeft\" data-animationDuration=\"0.3\" data-animationOffset=\"top-into-view\"><img decoding=\"async\" width=\"452\" height=\"241\" title=\"3d-library-package-preview-1\" src=\"https:\/\/anteriores-templates.com\/wp-content\/uploads\/2014\/12\/3d-library-package-preview-1.jpg\" alt class=\"img-responsive wp-image-2028\" srcset=\"https:\/\/anteriores-templates.com\/wp-content\/uploads\/2014\/12\/3d-library-package-preview-1-90x48.jpg 90w, https:\/\/anteriores-templates.com\/wp-content\/uploads\/2014\/12\/3d-library-package-preview-1-150x80.jpg 150w, https:\/\/anteriores-templates.com\/wp-content\/uploads\/2014\/12\/3d-library-package-preview-1-300x160.jpg 300w, https:\/\/anteriores-templates.com\/wp-content\/uploads\/2014\/12\/3d-library-package-preview-1-350x187.jpg 350w, https:\/\/anteriores-templates.com\/wp-content\/uploads\/2014\/12\/3d-library-package-preview-1-450x240.jpg 450w, https:\/\/anteriores-templates.com\/wp-content\/uploads\/2014\/12\/3d-library-package-preview-1.jpg 452w\" sizes=\"(max-width: 452px) 100vw, 452px\" \/><\/span><\/div><div class=\"fusion-sep-clear\"><\/div><div class=\"fusion-separator fusion-full-width-sep\" style=\"margin-left: auto;margin-right: auto;margin-top:15px;width:100%;\"><\/div><div class=\"fusion-sep-clear\"><\/div><div class=\"fusion-text fusion-text-2\"><p>1.<\/p>\n<p>Eine STL 3D und EXOCAD Datei des unbeschnittenen Modells inklusive Gingiva.<\/p>\n<\/div><div class=\"fusion-clearfix\"><\/div><\/div><\/div><div class=\"fusion-layout-column fusion_builder_column fusion-builder-column-4 fusion_builder_column_1_2 1_2 fusion-one-half fusion-column-last\" style=\"--awb-bg-size:cover;width:50%;width:calc(50% - ( ( 4% ) * 0.5 ) );\"><div class=\"fusion-column-wrapper fusion-flex-column-wrapper-legacy\"><div class=\"fusion-image-element in-legacy-container\" style=\"--awb-caption-title-font-family:var(--h2_typography-font-family);--awb-caption-title-font-weight:var(--h2_typography-font-weight);--awb-caption-title-font-style:var(--h2_typography-font-style);--awb-caption-title-size:var(--h2_typography-font-size);--awb-caption-title-transform:var(--h2_typography-text-transform);--awb-caption-title-line-height:var(--h2_typography-line-height);--awb-caption-title-letter-spacing:var(--h2_typography-letter-spacing);\"><span class=\" fusion-imageframe imageframe-none imageframe-2 hover-type-none fusion-animated\" data-animationType=\"slideInRight\" data-animationDuration=\"0.3\" data-animationOffset=\"top-into-view\"><img decoding=\"async\" width=\"452\" height=\"241\" title=\"3d-library-package-preview-2\" src=\"https:\/\/anteriores-templates.com\/wp-content\/uploads\/2014\/12\/3d-library-package-preview-2.jpg\" alt class=\"img-responsive wp-image-2029\" srcset=\"https:\/\/anteriores-templates.com\/wp-content\/uploads\/2014\/12\/3d-library-package-preview-2-90x48.jpg 90w, https:\/\/anteriores-templates.com\/wp-content\/uploads\/2014\/12\/3d-library-package-preview-2-150x80.jpg 150w, https:\/\/anteriores-templates.com\/wp-content\/uploads\/2014\/12\/3d-library-package-preview-2-300x160.jpg 300w, https:\/\/anteriores-templates.com\/wp-content\/uploads\/2014\/12\/3d-library-package-preview-2-350x187.jpg 350w, https:\/\/anteriores-templates.com\/wp-content\/uploads\/2014\/12\/3d-library-package-preview-2-450x240.jpg 450w, https:\/\/anteriores-templates.com\/wp-content\/uploads\/2014\/12\/3d-library-package-preview-2.jpg 452w\" sizes=\"(max-width: 452px) 100vw, 452px\" \/><\/span><\/div><div class=\"fusion-sep-clear\"><\/div><div class=\"fusion-separator fusion-full-width-sep\" style=\"margin-left: auto;margin-right: auto;margin-top:15px;width:100%;\"><\/div><div class=\"fusion-sep-clear\"><\/div><div class=\"fusion-text fusion-text-3\"><p>2.<\/p>\n<p>Eine STL und EXOCAD 3D-Datei bestehend aus 6 oder 8 einzelnen Z\u00e4hnen mit Wurzelteilen sowie einer Vorschau-Datei (JPEG):<\/p>\n<ul>\n<li>Die Z\u00e4hne sind symmetrisch, eine Seite wurde gespiegelt.<\/li>\n<li>Die ersten Pr\u00e4molare sind Standardz\u00e4hne.<\/li>\n<li>Die Datei enth\u00e4lt alle Z\u00e4hne in ihrer nat\u00fcrlichen Position. Einige 3D-Programme k\u00f6nnen beim Import der Datei diese in Einzelmodelle separieren.<\/li>\n<li>Die Wurzeln sind an ihren Enden offen.<\/li>\n<\/ul>\n<\/div><div class=\"fusion-clearfix\"><\/div><\/div><\/div><div class=\"fusion-layout-column fusion_builder_column fusion-builder-column-5 fusion_builder_column_1_2 1_2 fusion-one-half fusion-column-first\" style=\"--awb-bg-size:cover;width:50%;width:calc(50% - ( ( 4% ) * 0.5 ) );margin-right: 4%;\"><div class=\"fusion-column-wrapper fusion-flex-column-wrapper-legacy\"><div class=\"fusion-image-element in-legacy-container\" style=\"--awb-caption-title-font-family:var(--h2_typography-font-family);--awb-caption-title-font-weight:var(--h2_typography-font-weight);--awb-caption-title-font-style:var(--h2_typography-font-style);--awb-caption-title-size:var(--h2_typography-font-size);--awb-caption-title-transform:var(--h2_typography-text-transform);--awb-caption-title-line-height:var(--h2_typography-line-height);--awb-caption-title-letter-spacing:var(--h2_typography-letter-spacing);\"><span class=\" fusion-imageframe imageframe-none imageframe-3 hover-type-none fusion-animated\" data-animationType=\"slideInLeft\" data-animationDuration=\"0.3\" data-animationOffset=\"top-into-view\"><img decoding=\"async\" width=\"452\" height=\"241\" title=\"3d-library-package-preview-3\" src=\"https:\/\/anteriores-templates.com\/wp-content\/uploads\/2014\/12\/3d-library-package-preview-3.jpg\" alt class=\"img-responsive wp-image-2030\" srcset=\"https:\/\/anteriores-templates.com\/wp-content\/uploads\/2014\/12\/3d-library-package-preview-3-90x48.jpg 90w, https:\/\/anteriores-templates.com\/wp-content\/uploads\/2014\/12\/3d-library-package-preview-3-150x80.jpg 150w, https:\/\/anteriores-templates.com\/wp-content\/uploads\/2014\/12\/3d-library-package-preview-3-300x160.jpg 300w, https:\/\/anteriores-templates.com\/wp-content\/uploads\/2014\/12\/3d-library-package-preview-3-350x187.jpg 350w, https:\/\/anteriores-templates.com\/wp-content\/uploads\/2014\/12\/3d-library-package-preview-3-450x240.jpg 450w, https:\/\/anteriores-templates.com\/wp-content\/uploads\/2014\/12\/3d-library-package-preview-3.jpg 452w\" sizes=\"(max-width: 452px) 100vw, 452px\" \/><\/span><\/div><div class=\"fusion-sep-clear\"><\/div><div class=\"fusion-separator fusion-full-width-sep\" style=\"margin-left: auto;margin-right: auto;margin-top:15px;width:100%;\"><\/div><div class=\"fusion-sep-clear\"><\/div><div class=\"fusion-text fusion-text-4\"><p>3.<\/p>\n<p>6 oder 8 separate STL und EXOCAD 3D-Dateien mit jeweils nur einem Zahn inklusive Wurzelteilen.<\/p>\n<p>Es handelt sich dabei um die selben Modelle, wie aus Punkt 2, nur als separate Dateien f\u00fcr diejenigen 3D-Programme, die beim Import der Datei die Modelle nicht separieren k\u00f6nnen.<\/p>\n<\/div><div class=\"fusion-clearfix\"><\/div><\/div><\/div><div class=\"fusion-layout-column fusion_builder_column fusion-builder-column-6 fusion_builder_column_1_2 1_2 fusion-one-half fusion-column-last\" style=\"--awb-bg-size:cover;width:50%;width:calc(50% - ( ( 4% ) * 0.5 ) );\"><div class=\"fusion-column-wrapper fusion-flex-column-wrapper-legacy\"><div class=\"fusion-image-element in-legacy-container\" style=\"--awb-caption-title-font-family:var(--h2_typography-font-family);--awb-caption-title-font-weight:var(--h2_typography-font-weight);--awb-caption-title-font-style:var(--h2_typography-font-style);--awb-caption-title-size:var(--h2_typography-font-size);--awb-caption-title-transform:var(--h2_typography-text-transform);--awb-caption-title-line-height:var(--h2_typography-line-height);--awb-caption-title-letter-spacing:var(--h2_typography-letter-spacing);\"><span class=\" fusion-imageframe imageframe-none imageframe-4 hover-type-none fusion-animated\" data-animationType=\"slideInLeft\" data-animationDuration=\"0.3\" data-animationOffset=\"top-into-view\"><img decoding=\"async\" width=\"452\" height=\"241\" title=\"3d-library-package-preview-4\" src=\"https:\/\/anteriores-templates.com\/wp-content\/uploads\/2014\/12\/3d-library-package-preview-4.jpg\" alt class=\"img-responsive wp-image-2031\" srcset=\"https:\/\/anteriores-templates.com\/wp-content\/uploads\/2014\/12\/3d-library-package-preview-4-90x48.jpg 90w, https:\/\/anteriores-templates.com\/wp-content\/uploads\/2014\/12\/3d-library-package-preview-4-150x80.jpg 150w, https:\/\/anteriores-templates.com\/wp-content\/uploads\/2014\/12\/3d-library-package-preview-4-300x160.jpg 300w, https:\/\/anteriores-templates.com\/wp-content\/uploads\/2014\/12\/3d-library-package-preview-4-350x187.jpg 350w, https:\/\/anteriores-templates.com\/wp-content\/uploads\/2014\/12\/3d-library-package-preview-4-450x240.jpg 450w, https:\/\/anteriores-templates.com\/wp-content\/uploads\/2014\/12\/3d-library-package-preview-4.jpg 452w\" sizes=\"(max-width: 452px) 100vw, 452px\" \/><\/span><\/div><div class=\"fusion-sep-clear\"><\/div><div class=\"fusion-separator fusion-full-width-sep\" style=\"margin-left: auto;margin-right: auto;margin-top:15px;width:100%;\"><\/div><div class=\"fusion-sep-clear\"><\/div><div class=\"fusion-text fusion-text-5\"><p>4.<\/p>\n<p>Ein original klinisches Foto aus dem Buch &#8222;ANTERIORES \u2013 Nat\u00fcrlich sch\u00f6ne Frontz\u00e4hne&#8220;.<\/p>\n<\/div><div class=\"fusion-clearfix\"><\/div><\/div><\/div><div class=\"fusion-layout-column fusion_builder_column fusion-builder-column-7 fusion_builder_column_1_1 1_1 fusion-one-full fusion-column-first fusion-column-last\" style=\"--awb-bg-size:cover;\"><div class=\"fusion-column-wrapper fusion-flex-column-wrapper-legacy\"><div class=\"fusion-aligncenter\"><a class=\"fusion-button button-flat button-large button-default fusion-button-default button-1 fusion-button-default-span fusion-button-default-type fusion-animated\" data-animationType=\"slideInUp\" data-animationDuration=\"0.3\" data-animationOffset=\"top-into-view\" target=\"_self\" href=\"https:\/\/www.naturalshapes.dental\"><span class=\"fusion-button-icon-divider button-icon-divider-left\"><i class=\"fa-shopping-bag fas awb-button__icon awb-button__icon--default\" aria-hidden=\"true\"><\/i><\/span><span class=\"fusion-button-text awb-button__text awb-button__text--default fusion-button-text-left\">Das Anteriores 3D Library Package hier kaufen!<\/span><\/a><\/div><div class=\"fusion-clearfix\"><\/div><\/div><\/div><\/div><\/div>\n","protected":false},"excerpt":{"rendered":"","protected":false},"author":1,"featured_media":0,"parent":0,"menu_order":0,"comment_status":"closed","ping_status":"closed","template":"","meta":{"footnotes":""},"class_list":["post-2177","page","type-page","status-publish","hentry"],"yoast_head":"<!-- This site is optimized with the Yoast SEO plugin v27.3 - https:\/\/yoast.com\/product\/yoast-seo-wordpress\/ -->\n<title>3D Dateien (STL) - Anteriores Templates<\/title>\n<meta name=\"robots\" content=\"index, follow, max-snippet:-1, max-image-preview:large, max-video-preview:-1\" \/>\n<link rel=\"canonical\" href=\"https:\/\/anteriores-templates.com\/de\/3d-dateien-stl-exocad\/\" \/>\n<meta property=\"og:locale\" content=\"de_DE\" \/>\n<meta property=\"og:type\" content=\"article\" \/>\n<meta property=\"og:title\" content=\"3D Dateien (STL) - Anteriores Templates\" \/>\n<meta property=\"og:url\" content=\"https:\/\/anteriores-templates.com\/de\/3d-dateien-stl-exocad\/\" \/>\n<meta property=\"og:site_name\" content=\"Anteriores Templates\" \/>\n<meta property=\"article:modified_time\" content=\"2025-01-29T14:55:21+00:00\" \/>\n<meta name=\"twitter:card\" content=\"summary_large_image\" \/>\n<meta name=\"twitter:label1\" content=\"Gesch\u00e4tzte Lesezeit\" \/>\n\t<meta name=\"twitter:data1\" content=\"2\u00a0Minuten\" \/>\n<script type=\"application\/ld+json\" class=\"yoast-schema-graph\">{\"@context\":\"https:\\\/\\\/schema.org\",\"@graph\":[{\"@type\":\"WebPage\",\"@id\":\"https:\\\/\\\/anteriores-templates.com\\\/de\\\/3d-dateien-stl-exocad\\\/\",\"url\":\"https:\\\/\\\/anteriores-templates.com\\\/de\\\/3d-dateien-stl-exocad\\\/\",\"name\":\"3D Dateien (STL) - Anteriores Templates\",\"isPartOf\":{\"@id\":\"https:\\\/\\\/anteriores-templates.com\\\/#website\"},\"datePublished\":\"2017-11-07T09:53:14+00:00\",\"dateModified\":\"2025-01-29T14:55:21+00:00\",\"breadcrumb\":{\"@id\":\"https:\\\/\\\/anteriores-templates.com\\\/de\\\/3d-dateien-stl-exocad\\\/#breadcrumb\"},\"inLanguage\":\"de\",\"potentialAction\":[{\"@type\":\"ReadAction\",\"target\":[\"https:\\\/\\\/anteriores-templates.com\\\/de\\\/3d-dateien-stl-exocad\\\/\"]}]},{\"@type\":\"BreadcrumbList\",\"@id\":\"https:\\\/\\\/anteriores-templates.com\\\/de\\\/3d-dateien-stl-exocad\\\/#breadcrumb\",\"itemListElement\":[{\"@type\":\"ListItem\",\"position\":1,\"name\":\"Home\",\"item\":\"https:\\\/\\\/anteriores-templates.com\\\/de\\\/\"},{\"@type\":\"ListItem\",\"position\":2,\"name\":\"3D Dateien (STL)\"}]},{\"@type\":\"WebSite\",\"@id\":\"https:\\\/\\\/anteriores-templates.com\\\/#website\",\"url\":\"https:\\\/\\\/anteriores-templates.com\\\/\",\"name\":\"Anteriores Templates\",\"description\":\"Templates for Digital Smile Design (DSD)\",\"potentialAction\":[{\"@type\":\"SearchAction\",\"target\":{\"@type\":\"EntryPoint\",\"urlTemplate\":\"https:\\\/\\\/anteriores-templates.com\\\/?s={search_term_string}\"},\"query-input\":{\"@type\":\"PropertyValueSpecification\",\"valueRequired\":true,\"valueName\":\"search_term_string\"}}],\"inLanguage\":\"de\"}]}<\/script>\n<!-- \/ Yoast SEO plugin. -->","yoast_head_json":{"title":"3D Dateien (STL) - Anteriores Templates","robots":{"index":"index","follow":"follow","max-snippet":"max-snippet:-1","max-image-preview":"max-image-preview:large","max-video-preview":"max-video-preview:-1"},"canonical":"https:\/\/anteriores-templates.com\/de\/3d-dateien-stl-exocad\/","og_locale":"de_DE","og_type":"article","og_title":"3D Dateien (STL) - Anteriores Templates","og_url":"https:\/\/anteriores-templates.com\/de\/3d-dateien-stl-exocad\/","og_site_name":"Anteriores Templates","article_modified_time":"2025-01-29T14:55:21+00:00","twitter_card":"summary_large_image","twitter_misc":{"Gesch\u00e4tzte Lesezeit":"2\u00a0Minuten"},"schema":{"@context":"https:\/\/schema.org","@graph":[{"@type":"WebPage","@id":"https:\/\/anteriores-templates.com\/de\/3d-dateien-stl-exocad\/","url":"https:\/\/anteriores-templates.com\/de\/3d-dateien-stl-exocad\/","name":"3D Dateien (STL) - Anteriores Templates","isPartOf":{"@id":"https:\/\/anteriores-templates.com\/#website"},"datePublished":"2017-11-07T09:53:14+00:00","dateModified":"2025-01-29T14:55:21+00:00","breadcrumb":{"@id":"https:\/\/anteriores-templates.com\/de\/3d-dateien-stl-exocad\/#breadcrumb"},"inLanguage":"de","potentialAction":[{"@type":"ReadAction","target":["https:\/\/anteriores-templates.com\/de\/3d-dateien-stl-exocad\/"]}]},{"@type":"BreadcrumbList","@id":"https:\/\/anteriores-templates.com\/de\/3d-dateien-stl-exocad\/#breadcrumb","itemListElement":[{"@type":"ListItem","position":1,"name":"Home","item":"https:\/\/anteriores-templates.com\/de\/"},{"@type":"ListItem","position":2,"name":"3D Dateien (STL)"}]},{"@type":"WebSite","@id":"https:\/\/anteriores-templates.com\/#website","url":"https:\/\/anteriores-templates.com\/","name":"Anteriores Templates","description":"Templates for Digital Smile Design (DSD)","potentialAction":[{"@type":"SearchAction","target":{"@type":"EntryPoint","urlTemplate":"https:\/\/anteriores-templates.com\/?s={search_term_string}"},"query-input":{"@type":"PropertyValueSpecification","valueRequired":true,"valueName":"search_term_string"}}],"inLanguage":"de"}]}},"_links":{"self":[{"href":"https:\/\/anteriores-templates.com\/de\/wp-json\/wp\/v2\/pages\/2177","targetHints":{"allow":["GET"]}}],"collection":[{"href":"https:\/\/anteriores-templates.com\/de\/wp-json\/wp\/v2\/pages"}],"about":[{"href":"https:\/\/anteriores-templates.com\/de\/wp-json\/wp\/v2\/types\/page"}],"author":[{"embeddable":true,"href":"https:\/\/anteriores-templates.com\/de\/wp-json\/wp\/v2\/users\/1"}],"replies":[{"embeddable":true,"href":"https:\/\/anteriores-templates.com\/de\/wp-json\/wp\/v2\/comments?post=2177"}],"version-history":[{"count":1,"href":"https:\/\/anteriores-templates.com\/de\/wp-json\/wp\/v2\/pages\/2177\/revisions"}],"predecessor-version":[{"id":3815,"href":"https:\/\/anteriores-templates.com\/de\/wp-json\/wp\/v2\/pages\/2177\/revisions\/3815"}],"wp:attachment":[{"href":"https:\/\/anteriores-templates.com\/de\/wp-json\/wp\/v2\/media?parent=2177"}],"curies":[{"name":"wp","href":"https:\/\/api.w.org\/{rel}","templated":true}]}}