{"id":2172,"date":"2017-11-07T10:29:06","date_gmt":"2017-11-07T09:29:06","guid":{"rendered":"http:\/\/anteriores-templates.com\/de\/?page_id=2172"},"modified":"2017-11-13T11:35:55","modified_gmt":"2017-11-13T10:35:55","slug":"unsere-templates","status":"publish","type":"page","link":"https:\/\/anteriores-templates.com\/de\/unsere-templates\/","title":{"rendered":"Unsere Templates"},"content":{"rendered":"<div class=\"fusion-fullwidth fullwidth-box fusion-builder-row-1 nonhundred-percent-fullwidth non-hundred-percent-height-scrolling\" style=\"--awb-border-radius-top-left:0px;--awb-border-radius-top-right:0px;--awb-border-radius-bottom-right:0px;--awb-border-radius-bottom-left:0px;--awb-flex-wrap:wrap;\" ><div class=\"fusion-builder-row fusion-row\"><div class=\"fusion-layout-column fusion_builder_column fusion-builder-column-0 fusion_builder_column_1_1 1_1 fusion-one-full fusion-column-first fusion-column-last\" style=\"--awb-bg-size:cover;\"><div class=\"fusion-column-wrapper fusion-flex-column-wrapper-legacy\"><div class=\"fusion-title title fusion-title-1 fusion-sep-none fusion-title-text fusion-title-size-one\" style=\"--awb-margin-top-small:10px;--awb-margin-right-small:0px;--awb-margin-bottom-small:10px;--awb-margin-left-small:0px;\"><h1 class=\"fusion-title-heading title-heading-left\" style=\"margin:0;\">Anteriores Konturen Paket<\/h1><\/div><div class=\"fusion-clearfix\"><\/div><\/div><\/div><div class=\"fusion-layout-column fusion_builder_column fusion-builder-column-1 fusion_builder_column_1_2 1_2 fusion-one-half fusion-column-first\" style=\"--awb-bg-size:cover;width:50%;width:calc(50% - ( ( 4% ) * 0.5 ) );margin-right: 4%;\"><div class=\"fusion-column-wrapper fusion-flex-column-wrapper-legacy\"><div class=\"fusion-text fusion-text-1\"><p>Alle Templates sind aus dem Buch &#8222;ANTERIORES \u2013 Nat\u00fcrlich sch\u00f6ne Frontz\u00e4hne&#8220; von Dr. Jan Hajt\u00f3 entnommen. W\u00e4hlen Sie aus 32 weiblichen und 10 m\u00e4nnlichen F\u00e4llen, die von Dr. Jan Hajt\u00f3 (<a href=\"http:\/\/smile-art.de\" target=\"_blank\" rel=\"noopener\">\u00c4sthetische Zahnheilkunde M\u00fcnchen<\/a>) pers\u00f6nlich ausgesucht wurden.<\/p>\n<p>Jedes Template beinhaltet die nat\u00fcrliche Situation, sowie zus\u00e4tzlich eine symmetrisch idealisierte Situation mit genau gekennzeichneten Gr\u00f6\u00dfen der Originale in Millimetern.<\/p>\n<p>Alle Templates werden als editierbare Vektorgrafiken in folgenden Formaten geliefert:\u00a0Apple Keynote 5, Keynote 6 und Microsoft PowerPoint.<\/p>\n<\/div><div class=\"fusion-sep-clear\"><\/div><div class=\"fusion-separator fusion-full-width-sep\" style=\"margin-left: auto;margin-right: auto;margin-top:15px;width:100%;\"><\/div><div class=\"fusion-sep-clear\"><\/div><div class=\"fusion-image-element in-legacy-container\" style=\"--awb-caption-title-font-family:var(--h2_typography-font-family);--awb-caption-title-font-weight:var(--h2_typography-font-weight);--awb-caption-title-font-style:var(--h2_typography-font-style);--awb-caption-title-size:var(--h2_typography-font-size);--awb-caption-title-transform:var(--h2_typography-text-transform);--awb-caption-title-line-height:var(--h2_typography-line-height);--awb-caption-title-letter-spacing:var(--h2_typography-letter-spacing);\"><span class=\" fusion-imageframe imageframe-none imageframe-1 hover-type-none fusion-animated\" data-animationType=\"slideInLeft\" data-animationDuration=\"0.3\" data-animationOffset=\"top-into-view\"><img decoding=\"async\" width=\"436\" height=\"284\" title=\"books\" src=\"https:\/\/anteriores-templates.com\/wp-content\/uploads\/2014\/12\/books.png\" alt class=\"img-responsive wp-image-98\" srcset=\"https:\/\/anteriores-templates.com\/wp-content\/uploads\/2014\/12\/books-90x59.png 90w, https:\/\/anteriores-templates.com\/wp-content\/uploads\/2014\/12\/books-150x98.png 150w, https:\/\/anteriores-templates.com\/wp-content\/uploads\/2014\/12\/books-300x195.png 300w, https:\/\/anteriores-templates.com\/wp-content\/uploads\/2014\/12\/books.png 436w\" sizes=\"(max-width: 436px) 100vw, 436px\" \/><\/span><\/div><div class=\"fusion-clearfix\"><\/div><\/div><\/div><div class=\"fusion-layout-column fusion_builder_column fusion-builder-column-2 fusion_builder_column_1_2 1_2 fusion-one-half fusion-column-last\" style=\"--awb-bg-size:cover;width:50%;width:calc(50% - ( ( 4% ) * 0.5 ) );\"><div class=\"fusion-column-wrapper fusion-flex-column-wrapper-legacy\"><div class=\"fusion-image-element in-legacy-container\" style=\"--awb-caption-title-font-family:var(--h2_typography-font-family);--awb-caption-title-font-weight:var(--h2_typography-font-weight);--awb-caption-title-font-style:var(--h2_typography-font-style);--awb-caption-title-size:var(--h2_typography-font-size);--awb-caption-title-transform:var(--h2_typography-text-transform);--awb-caption-title-line-height:var(--h2_typography-line-height);--awb-caption-title-letter-spacing:var(--h2_typography-letter-spacing);\"><span class=\" fusion-imageframe imageframe-none imageframe-2 hover-type-none fusion-animated\" data-animationType=\"slideInRight\" data-animationDuration=\"0.3\" data-animationOffset=\"top-into-view\"><img decoding=\"async\" width=\"577\" height=\"663\" title=\"template-vectorpoints\" src=\"https:\/\/anteriores-templates.com\/wp-content\/uploads\/2014\/12\/template-vectorpoints.jpg\" alt class=\"img-responsive wp-image-119\" srcset=\"https:\/\/anteriores-templates.com\/wp-content\/uploads\/2014\/12\/template-vectorpoints-78x90.jpg 78w, https:\/\/anteriores-templates.com\/wp-content\/uploads\/2014\/12\/template-vectorpoints-131x150.jpg 131w, https:\/\/anteriores-templates.com\/wp-content\/uploads\/2014\/12\/template-vectorpoints-261x300.jpg 261w, https:\/\/anteriores-templates.com\/wp-content\/uploads\/2014\/12\/template-vectorpoints-383x440.jpg 383w, https:\/\/anteriores-templates.com\/wp-content\/uploads\/2014\/12\/template-vectorpoints-500x575.jpg 500w, https:\/\/anteriores-templates.com\/wp-content\/uploads\/2014\/12\/template-vectorpoints-540x620.jpg 540w, https:\/\/anteriores-templates.com\/wp-content\/uploads\/2014\/12\/template-vectorpoints.jpg 577w\" sizes=\"(max-width: 577px) 100vw, 577px\" \/><\/span><\/div><div class=\"fusion-clearfix\"><\/div><\/div><\/div><div class=\"fusion-layout-column fusion_builder_column fusion-builder-column-3 fusion_builder_column_1_2 1_2 fusion-one-half fusion-column-first\" style=\"--awb-bg-size:cover;width:50%;width:calc(50% - ( ( 4% ) * 0.5 ) );margin-right: 4%;\"><div class=\"fusion-column-wrapper fusion-flex-column-wrapper-legacy\"><div class=\"fusion-image-element in-legacy-container\" style=\"--awb-caption-title-font-family:var(--h2_typography-font-family);--awb-caption-title-font-weight:var(--h2_typography-font-weight);--awb-caption-title-font-style:var(--h2_typography-font-style);--awb-caption-title-size:var(--h2_typography-font-size);--awb-caption-title-transform:var(--h2_typography-text-transform);--awb-caption-title-line-height:var(--h2_typography-line-height);--awb-caption-title-letter-spacing:var(--h2_typography-letter-spacing);\"><span class=\" fusion-imageframe imageframe-none imageframe-3 hover-type-none fusion-animated\" data-animationType=\"slideInLeft\" data-animationDuration=\"0.3\" data-animationOffset=\"top-into-view\"><img decoding=\"async\" width=\"1000\" height=\"480\" title=\"template-example-symmetrical\" src=\"https:\/\/anteriores-templates.com\/wp-content\/uploads\/2014\/12\/template-example-symmetrical.jpg\" alt class=\"img-responsive wp-image-110\" srcset=\"https:\/\/anteriores-templates.com\/wp-content\/uploads\/2014\/12\/template-example-symmetrical-90x43.jpg 90w, https:\/\/anteriores-templates.com\/wp-content\/uploads\/2014\/12\/template-example-symmetrical-150x72.jpg 150w, https:\/\/anteriores-templates.com\/wp-content\/uploads\/2014\/12\/template-example-symmetrical-300x144.jpg 300w, https:\/\/anteriores-templates.com\/wp-content\/uploads\/2014\/12\/template-example-symmetrical-500x240.jpg 500w, https:\/\/anteriores-templates.com\/wp-content\/uploads\/2014\/12\/template-example-symmetrical-540x259.jpg 540w, https:\/\/anteriores-templates.com\/wp-content\/uploads\/2014\/12\/template-example-symmetrical-700x336.jpg 700w, https:\/\/anteriores-templates.com\/wp-content\/uploads\/2014\/12\/template-example-symmetrical-768x369.jpg 768w, https:\/\/anteriores-templates.com\/wp-content\/uploads\/2014\/12\/template-example-symmetrical.jpg 1000w\" sizes=\"(max-width: 1000px) 100vw, 1000px\" \/><\/span><\/div><div class=\"fusion-sep-clear\"><\/div><div class=\"fusion-separator fusion-full-width-sep\" style=\"margin-left: auto;margin-right: auto;margin-top:15px;width:100%;\"><\/div><div class=\"fusion-sep-clear\"><\/div><div class=\"fusion-text fusion-text-2\"><p>Symmetrisch<\/p>\n<\/div><div class=\"fusion-clearfix\"><\/div><\/div><\/div><div class=\"fusion-layout-column fusion_builder_column fusion-builder-column-4 fusion_builder_column_1_2 1_2 fusion-one-half fusion-column-last\" style=\"--awb-bg-size:cover;width:50%;width:calc(50% - ( ( 4% ) * 0.5 ) );\"><div class=\"fusion-column-wrapper fusion-flex-column-wrapper-legacy\"><div class=\"fusion-image-element in-legacy-container\" style=\"--awb-caption-title-font-family:var(--h2_typography-font-family);--awb-caption-title-font-weight:var(--h2_typography-font-weight);--awb-caption-title-font-style:var(--h2_typography-font-style);--awb-caption-title-size:var(--h2_typography-font-size);--awb-caption-title-transform:var(--h2_typography-text-transform);--awb-caption-title-line-height:var(--h2_typography-line-height);--awb-caption-title-letter-spacing:var(--h2_typography-letter-spacing);\"><span class=\" fusion-imageframe imageframe-none imageframe-4 hover-type-none fusion-animated\" data-animationType=\"slideInRight\" data-animationDuration=\"0.3\" data-animationOffset=\"top-into-view\"><img decoding=\"async\" width=\"1000\" height=\"478\" title=\"template-example-original\" src=\"https:\/\/anteriores-templates.com\/wp-content\/uploads\/2014\/12\/template-example-original.jpg\" alt class=\"img-responsive wp-image-109\" srcset=\"https:\/\/anteriores-templates.com\/wp-content\/uploads\/2014\/12\/template-example-original-90x43.jpg 90w, https:\/\/anteriores-templates.com\/wp-content\/uploads\/2014\/12\/template-example-original-150x72.jpg 150w, https:\/\/anteriores-templates.com\/wp-content\/uploads\/2014\/12\/template-example-original-300x143.jpg 300w, https:\/\/anteriores-templates.com\/wp-content\/uploads\/2014\/12\/template-example-original-500x239.jpg 500w, https:\/\/anteriores-templates.com\/wp-content\/uploads\/2014\/12\/template-example-original-540x258.jpg 540w, https:\/\/anteriores-templates.com\/wp-content\/uploads\/2014\/12\/template-example-original-700x335.jpg 700w, https:\/\/anteriores-templates.com\/wp-content\/uploads\/2014\/12\/template-example-original-768x367.jpg 768w, https:\/\/anteriores-templates.com\/wp-content\/uploads\/2014\/12\/template-example-original.jpg 1000w\" sizes=\"(max-width: 1000px) 100vw, 1000px\" \/><\/span><\/div><div class=\"fusion-sep-clear\"><\/div><div class=\"fusion-separator fusion-full-width-sep\" style=\"margin-left: auto;margin-right: auto;margin-top:15px;width:100%;\"><\/div><div class=\"fusion-sep-clear\"><\/div><div class=\"fusion-text fusion-text-3\"><p>Original<\/p>\n<\/div><div class=\"fusion-clearfix\"><\/div><\/div><\/div><div class=\"fusion-layout-column fusion_builder_column fusion-builder-column-5 fusion_builder_column_1_1 1_1 fusion-one-full fusion-column-first fusion-column-last\" style=\"--awb-bg-size:cover;\"><div class=\"fusion-column-wrapper fusion-flex-column-wrapper-legacy\"><div class=\"fusion-aligncenter\"><a class=\"fusion-button button-flat button-large button-default fusion-button-default button-1 fusion-button-default-span fusion-button-default-type fusion-animated\" data-animationType=\"slideInUp\" data-animationDuration=\"0.3\" data-animationOffset=\"top-into-view\" target=\"_self\" href=\"\/de\/produkt\/komplett-paket-42-konturen\/\"><span class=\"fusion-button-icon-divider button-icon-divider-left\"><i class=\" fa fa-shopping-bag awb-button__icon awb-button__icon--default\" aria-hidden=\"true\"><\/i><\/span><span class=\"fusion-button-text awb-button__text awb-button__text--default fusion-button-text-left\">Hier das Complete Pack 42 Contours kaufen!<\/span><\/a><\/div><div class=\"fusion-clearfix\"><\/div><\/div><\/div><\/div><\/div>\n","protected":false},"excerpt":{"rendered":"","protected":false},"author":1,"featured_media":0,"parent":0,"menu_order":0,"comment_status":"closed","ping_status":"closed","template":"","meta":{"footnotes":""},"class_list":["post-2172","page","type-page","status-publish","hentry"],"yoast_head":"<!-- This site is optimized with the Yoast SEO plugin v27.3 - https:\/\/yoast.com\/product\/yoast-seo-wordpress\/ -->\n<title>Unsere Templates - Anteriores Templates<\/title>\n<meta name=\"robots\" content=\"index, follow, max-snippet:-1, max-image-preview:large, max-video-preview:-1\" \/>\n<link rel=\"canonical\" href=\"https:\/\/anteriores-templates.com\/de\/unsere-templates\/\" \/>\n<meta property=\"og:locale\" content=\"de_DE\" \/>\n<meta property=\"og:type\" content=\"article\" \/>\n<meta property=\"og:title\" content=\"Unsere Templates - Anteriores Templates\" \/>\n<meta property=\"og:url\" content=\"https:\/\/anteriores-templates.com\/de\/unsere-templates\/\" \/>\n<meta property=\"og:site_name\" content=\"Anteriores Templates\" \/>\n<meta property=\"article:modified_time\" content=\"2017-11-13T10:35:55+00:00\" \/>\n<meta name=\"twitter:card\" content=\"summary_large_image\" \/>\n<meta name=\"twitter:label1\" content=\"Gesch\u00e4tzte Lesezeit\" \/>\n\t<meta name=\"twitter:data1\" content=\"5\u00a0Minuten\" \/>\n<script type=\"application\/ld+json\" class=\"yoast-schema-graph\">{\"@context\":\"https:\\\/\\\/schema.org\",\"@graph\":[{\"@type\":\"WebPage\",\"@id\":\"https:\\\/\\\/anteriores-templates.com\\\/de\\\/unsere-templates\\\/\",\"url\":\"https:\\\/\\\/anteriores-templates.com\\\/de\\\/unsere-templates\\\/\",\"name\":\"Unsere Templates - Anteriores Templates\",\"isPartOf\":{\"@id\":\"https:\\\/\\\/anteriores-templates.com\\\/#website\"},\"datePublished\":\"2017-11-07T09:29:06+00:00\",\"dateModified\":\"2017-11-13T10:35:55+00:00\",\"breadcrumb\":{\"@id\":\"https:\\\/\\\/anteriores-templates.com\\\/de\\\/unsere-templates\\\/#breadcrumb\"},\"inLanguage\":\"de\",\"potentialAction\":[{\"@type\":\"ReadAction\",\"target\":[\"https:\\\/\\\/anteriores-templates.com\\\/de\\\/unsere-templates\\\/\"]}]},{\"@type\":\"BreadcrumbList\",\"@id\":\"https:\\\/\\\/anteriores-templates.com\\\/de\\\/unsere-templates\\\/#breadcrumb\",\"itemListElement\":[{\"@type\":\"ListItem\",\"position\":1,\"name\":\"Home\",\"item\":\"https:\\\/\\\/anteriores-templates.com\\\/de\\\/\"},{\"@type\":\"ListItem\",\"position\":2,\"name\":\"Unsere Templates\"}]},{\"@type\":\"WebSite\",\"@id\":\"https:\\\/\\\/anteriores-templates.com\\\/#website\",\"url\":\"https:\\\/\\\/anteriores-templates.com\\\/\",\"name\":\"Anteriores Templates\",\"description\":\"Templates for Digital Smile Design (DSD)\",\"potentialAction\":[{\"@type\":\"SearchAction\",\"target\":{\"@type\":\"EntryPoint\",\"urlTemplate\":\"https:\\\/\\\/anteriores-templates.com\\\/?s={search_term_string}\"},\"query-input\":{\"@type\":\"PropertyValueSpecification\",\"valueRequired\":true,\"valueName\":\"search_term_string\"}}],\"inLanguage\":\"de\"}]}<\/script>\n<!-- \/ Yoast SEO plugin. -->","yoast_head_json":{"title":"Unsere Templates - Anteriores Templates","robots":{"index":"index","follow":"follow","max-snippet":"max-snippet:-1","max-image-preview":"max-image-preview:large","max-video-preview":"max-video-preview:-1"},"canonical":"https:\/\/anteriores-templates.com\/de\/unsere-templates\/","og_locale":"de_DE","og_type":"article","og_title":"Unsere Templates - Anteriores Templates","og_url":"https:\/\/anteriores-templates.com\/de\/unsere-templates\/","og_site_name":"Anteriores Templates","article_modified_time":"2017-11-13T10:35:55+00:00","twitter_card":"summary_large_image","twitter_misc":{"Gesch\u00e4tzte Lesezeit":"5\u00a0Minuten"},"schema":{"@context":"https:\/\/schema.org","@graph":[{"@type":"WebPage","@id":"https:\/\/anteriores-templates.com\/de\/unsere-templates\/","url":"https:\/\/anteriores-templates.com\/de\/unsere-templates\/","name":"Unsere Templates - Anteriores Templates","isPartOf":{"@id":"https:\/\/anteriores-templates.com\/#website"},"datePublished":"2017-11-07T09:29:06+00:00","dateModified":"2017-11-13T10:35:55+00:00","breadcrumb":{"@id":"https:\/\/anteriores-templates.com\/de\/unsere-templates\/#breadcrumb"},"inLanguage":"de","potentialAction":[{"@type":"ReadAction","target":["https:\/\/anteriores-templates.com\/de\/unsere-templates\/"]}]},{"@type":"BreadcrumbList","@id":"https:\/\/anteriores-templates.com\/de\/unsere-templates\/#breadcrumb","itemListElement":[{"@type":"ListItem","position":1,"name":"Home","item":"https:\/\/anteriores-templates.com\/de\/"},{"@type":"ListItem","position":2,"name":"Unsere Templates"}]},{"@type":"WebSite","@id":"https:\/\/anteriores-templates.com\/#website","url":"https:\/\/anteriores-templates.com\/","name":"Anteriores Templates","description":"Templates for Digital Smile Design (DSD)","potentialAction":[{"@type":"SearchAction","target":{"@type":"EntryPoint","urlTemplate":"https:\/\/anteriores-templates.com\/?s={search_term_string}"},"query-input":{"@type":"PropertyValueSpecification","valueRequired":true,"valueName":"search_term_string"}}],"inLanguage":"de"}]}},"_links":{"self":[{"href":"https:\/\/anteriores-templates.com\/de\/wp-json\/wp\/v2\/pages\/2172","targetHints":{"allow":["GET"]}}],"collection":[{"href":"https:\/\/anteriores-templates.com\/de\/wp-json\/wp\/v2\/pages"}],"about":[{"href":"https:\/\/anteriores-templates.com\/de\/wp-json\/wp\/v2\/types\/page"}],"author":[{"embeddable":true,"href":"https:\/\/anteriores-templates.com\/de\/wp-json\/wp\/v2\/users\/1"}],"replies":[{"embeddable":true,"href":"https:\/\/anteriores-templates.com\/de\/wp-json\/wp\/v2\/comments?post=2172"}],"version-history":[{"count":0,"href":"https:\/\/anteriores-templates.com\/de\/wp-json\/wp\/v2\/pages\/2172\/revisions"}],"wp:attachment":[{"href":"https:\/\/anteriores-templates.com\/de\/wp-json\/wp\/v2\/media?parent=2172"}],"curies":[{"name":"wp","href":"https:\/\/api.w.org\/{rel}","templated":true}]}}