{"id":2169,"date":"2017-11-07T10:17:49","date_gmt":"2017-11-07T09:17:49","guid":{"rendered":"http:\/\/anteriores-templates.com\/de\/?page_id=2169"},"modified":"2017-11-07T10:18:50","modified_gmt":"2017-11-07T09:18:50","slug":"anteriores-templates-fuer-digital-smile-design-dsd","status":"publish","type":"page","link":"https:\/\/anteriores-templates.com\/de\/","title":{"rendered":"Anteriores Templates &#8211; F\u00fcr Digital Smile Design (DSD)"},"content":{"rendered":"<div class=\"fusion-fullwidth fullwidth-box fusion-builder-row-1 nonhundred-percent-fullwidth non-hundred-percent-height-scrolling\" style=\"--awb-border-radius-top-left:0px;--awb-border-radius-top-right:0px;--awb-border-radius-bottom-right:0px;--awb-border-radius-bottom-left:0px;--awb-flex-wrap:wrap;\" ><div class=\"fusion-builder-row fusion-row\"><div class=\"fusion-layout-column fusion_builder_column fusion-builder-column-0 fusion_builder_column_1_1 1_1 fusion-one-full fusion-column-first fusion-column-last\" style=\"--awb-bg-size:cover;\"><div class=\"fusion-column-wrapper fusion-flex-column-wrapper-legacy\"><div class=\"fusion-title title fusion-title-1 fusion-sep-none fusion-title-text fusion-title-size-one\" style=\"--awb-margin-top-small:10px;--awb-margin-right-small:0px;--awb-margin-bottom-small:10px;--awb-margin-left-small:0px;\"><h1 class=\"fusion-title-heading title-heading-left\" style=\"margin:0;\">Templates\u00a0f\u00fcr Digital Smile Design<\/h1><\/div><div class=\"fusion-clearfix\"><\/div><\/div><\/div><div class=\"fusion-layout-column fusion_builder_column fusion-builder-column-1 fusion_builder_column_1_2 1_2 fusion-one-half fusion-column-first\" style=\"--awb-bg-size:cover;width:50%;width:calc(50% - ( ( 4% ) * 0.5 ) );margin-right: 4%;\"><div class=\"fusion-column-wrapper fusion-flex-column-wrapper-legacy\"><div class=\"fusion-text fusion-text-1\"><p>Benutzen Sie f\u00fcr Ihre Digital Smile Design Pr\u00e4sentationen die Line Art Templates nat\u00fcrlich sch\u00f6ner Z\u00e4hne aus dem Buch &#8222;ANTERIORES \u2013 Nat\u00fcrlich sch\u00f6ne Frontz\u00e4hne&#8220; (Teamwork Media 2006) von Dr. Jan Hatj\u00f3.<\/p>\n<p>Die Outlines (Vektorgrafiken) sind in den Formaten\u00a0Apple Keynote 5, Keynote 6 and Microsoft PowerPoint verf\u00fcgbar, soda\u00df sie sich ganz einfach in Ihren Workflow integrieren lassen.<\/p>\n<\/div><div class=\"fusion-clearfix\"><\/div><\/div><\/div><div class=\"fusion-layout-column fusion_builder_column fusion-builder-column-2 fusion_builder_column_1_2 1_2 fusion-one-half fusion-column-last\" style=\"--awb-bg-size:cover;width:50%;width:calc(50% - ( ( 4% ) * 0.5 ) );\"><div class=\"fusion-column-wrapper fusion-flex-column-wrapper-legacy\"><div class=\"fusion-image-element in-legacy-container\" style=\"--awb-caption-title-font-family:var(--h2_typography-font-family);--awb-caption-title-font-weight:var(--h2_typography-font-weight);--awb-caption-title-font-style:var(--h2_typography-font-style);--awb-caption-title-size:var(--h2_typography-font-size);--awb-caption-title-transform:var(--h2_typography-text-transform);--awb-caption-title-line-height:var(--h2_typography-line-height);--awb-caption-title-letter-spacing:var(--h2_typography-letter-spacing);\"><span class=\" fusion-imageframe imageframe-none imageframe-1 hover-type-none\"><img decoding=\"async\" width=\"436\" height=\"284\" title=\"books\" src=\"https:\/\/anteriores-templates.com\/wp-content\/uploads\/2014\/12\/books.png\" alt class=\"img-responsive wp-image-98\" srcset=\"https:\/\/anteriores-templates.com\/wp-content\/uploads\/2014\/12\/books-90x59.png 90w, https:\/\/anteriores-templates.com\/wp-content\/uploads\/2014\/12\/books-150x98.png 150w, https:\/\/anteriores-templates.com\/wp-content\/uploads\/2014\/12\/books-300x195.png 300w, https:\/\/anteriores-templates.com\/wp-content\/uploads\/2014\/12\/books.png 436w\" sizes=\"(max-width: 436px) 100vw, 436px\" \/><\/span><\/div><div class=\"fusion-clearfix\"><\/div><\/div><\/div><\/div><\/div>\n","protected":false},"excerpt":{"rendered":"","protected":false},"author":1,"featured_media":0,"parent":0,"menu_order":0,"comment_status":"closed","ping_status":"closed","template":"","meta":{"footnotes":""},"class_list":["post-2169","page","type-page","status-publish","hentry"],"yoast_head":"<!-- This site is optimized with the Yoast SEO plugin v27.3 - https:\/\/yoast.com\/product\/yoast-seo-wordpress\/ -->\n<title>Anteriores Templates - F\u00fcr Digital Smile Design (DSD) - Anteriores Templates<\/title>\n<meta name=\"robots\" content=\"index, follow, max-snippet:-1, max-image-preview:large, max-video-preview:-1\" \/>\n<link rel=\"canonical\" href=\"https:\/\/anteriores-templates.com\/de\/\" \/>\n<meta property=\"og:locale\" content=\"de_DE\" \/>\n<meta property=\"og:type\" content=\"article\" \/>\n<meta property=\"og:title\" content=\"Anteriores Templates - F\u00fcr Digital Smile Design (DSD) - Anteriores Templates\" \/>\n<meta property=\"og:url\" content=\"https:\/\/anteriores-templates.com\/de\/\" \/>\n<meta property=\"og:site_name\" content=\"Anteriores Templates\" \/>\n<meta property=\"article:modified_time\" content=\"2017-11-07T09:18:50+00:00\" \/>\n<meta name=\"twitter:card\" content=\"summary_large_image\" \/>\n<meta name=\"twitter:label1\" content=\"Gesch\u00e4tzte Lesezeit\" \/>\n\t<meta name=\"twitter:data1\" content=\"2\u00a0Minuten\" \/>\n<script type=\"application\/ld+json\" class=\"yoast-schema-graph\">{\"@context\":\"https:\\\/\\\/schema.org\",\"@graph\":[{\"@type\":\"WebPage\",\"@id\":\"https:\\\/\\\/anteriores-templates.com\\\/de\\\/\",\"url\":\"https:\\\/\\\/anteriores-templates.com\\\/de\\\/\",\"name\":\"Anteriores Templates - F\u00fcr Digital Smile Design (DSD) - Anteriores Templates\",\"isPartOf\":{\"@id\":\"https:\\\/\\\/anteriores-templates.com\\\/#website\"},\"datePublished\":\"2017-11-07T09:17:49+00:00\",\"dateModified\":\"2017-11-07T09:18:50+00:00\",\"breadcrumb\":{\"@id\":\"https:\\\/\\\/anteriores-templates.com\\\/de\\\/#breadcrumb\"},\"inLanguage\":\"de\",\"potentialAction\":[{\"@type\":\"ReadAction\",\"target\":[\"https:\\\/\\\/anteriores-templates.com\\\/de\\\/\"]}]},{\"@type\":\"BreadcrumbList\",\"@id\":\"https:\\\/\\\/anteriores-templates.com\\\/de\\\/#breadcrumb\",\"itemListElement\":[{\"@type\":\"ListItem\",\"position\":1,\"name\":\"Home\",\"item\":\"https:\\\/\\\/anteriores-templates.com\\\/de\\\/\"},{\"@type\":\"ListItem\",\"position\":2,\"name\":\"Anteriores Templates &#8211; F\u00fcr Digital Smile Design (DSD)\"}]},{\"@type\":\"WebSite\",\"@id\":\"https:\\\/\\\/anteriores-templates.com\\\/#website\",\"url\":\"https:\\\/\\\/anteriores-templates.com\\\/\",\"name\":\"Anteriores Templates\",\"description\":\"Templates for Digital Smile Design (DSD)\",\"potentialAction\":[{\"@type\":\"SearchAction\",\"target\":{\"@type\":\"EntryPoint\",\"urlTemplate\":\"https:\\\/\\\/anteriores-templates.com\\\/?s={search_term_string}\"},\"query-input\":{\"@type\":\"PropertyValueSpecification\",\"valueRequired\":true,\"valueName\":\"search_term_string\"}}],\"inLanguage\":\"de\"}]}<\/script>\n<!-- \/ Yoast SEO plugin. -->","yoast_head_json":{"title":"Anteriores Templates - F\u00fcr Digital Smile Design (DSD) - Anteriores Templates","robots":{"index":"index","follow":"follow","max-snippet":"max-snippet:-1","max-image-preview":"max-image-preview:large","max-video-preview":"max-video-preview:-1"},"canonical":"https:\/\/anteriores-templates.com\/de\/","og_locale":"de_DE","og_type":"article","og_title":"Anteriores Templates - F\u00fcr Digital Smile Design (DSD) - Anteriores Templates","og_url":"https:\/\/anteriores-templates.com\/de\/","og_site_name":"Anteriores Templates","article_modified_time":"2017-11-07T09:18:50+00:00","twitter_card":"summary_large_image","twitter_misc":{"Gesch\u00e4tzte Lesezeit":"2\u00a0Minuten"},"schema":{"@context":"https:\/\/schema.org","@graph":[{"@type":"WebPage","@id":"https:\/\/anteriores-templates.com\/de\/","url":"https:\/\/anteriores-templates.com\/de\/","name":"Anteriores Templates - F\u00fcr Digital Smile Design (DSD) - Anteriores Templates","isPartOf":{"@id":"https:\/\/anteriores-templates.com\/#website"},"datePublished":"2017-11-07T09:17:49+00:00","dateModified":"2017-11-07T09:18:50+00:00","breadcrumb":{"@id":"https:\/\/anteriores-templates.com\/de\/#breadcrumb"},"inLanguage":"de","potentialAction":[{"@type":"ReadAction","target":["https:\/\/anteriores-templates.com\/de\/"]}]},{"@type":"BreadcrumbList","@id":"https:\/\/anteriores-templates.com\/de\/#breadcrumb","itemListElement":[{"@type":"ListItem","position":1,"name":"Home","item":"https:\/\/anteriores-templates.com\/de\/"},{"@type":"ListItem","position":2,"name":"Anteriores Templates &#8211; F\u00fcr Digital Smile Design (DSD)"}]},{"@type":"WebSite","@id":"https:\/\/anteriores-templates.com\/#website","url":"https:\/\/anteriores-templates.com\/","name":"Anteriores Templates","description":"Templates for Digital Smile Design (DSD)","potentialAction":[{"@type":"SearchAction","target":{"@type":"EntryPoint","urlTemplate":"https:\/\/anteriores-templates.com\/?s={search_term_string}"},"query-input":{"@type":"PropertyValueSpecification","valueRequired":true,"valueName":"search_term_string"}}],"inLanguage":"de"}]}},"_links":{"self":[{"href":"https:\/\/anteriores-templates.com\/de\/wp-json\/wp\/v2\/pages\/2169","targetHints":{"allow":["GET"]}}],"collection":[{"href":"https:\/\/anteriores-templates.com\/de\/wp-json\/wp\/v2\/pages"}],"about":[{"href":"https:\/\/anteriores-templates.com\/de\/wp-json\/wp\/v2\/types\/page"}],"author":[{"embeddable":true,"href":"https:\/\/anteriores-templates.com\/de\/wp-json\/wp\/v2\/users\/1"}],"replies":[{"embeddable":true,"href":"https:\/\/anteriores-templates.com\/de\/wp-json\/wp\/v2\/comments?post=2169"}],"version-history":[{"count":0,"href":"https:\/\/anteriores-templates.com\/de\/wp-json\/wp\/v2\/pages\/2169\/revisions"}],"wp:attachment":[{"href":"https:\/\/anteriores-templates.com\/de\/wp-json\/wp\/v2\/media?parent=2169"}],"curies":[{"name":"wp","href":"https:\/\/api.w.org\/{rel}","templated":true}]}}