{"id":2148,"date":"2017-11-06T17:00:50","date_gmt":"2017-11-06T16:00:50","guid":{"rendered":"http:\/\/anteriores-templates.com\/?page_id=2148&#038;lang=de"},"modified":"2025-07-23T14:42:03","modified_gmt":"2025-07-23T13:42:03","slug":"impressum","status":"publish","type":"page","link":"https:\/\/anteriores-templates.com\/de\/impressum\/","title":{"rendered":"Impressum"},"content":{"rendered":"<h1>Impressum<\/h1>\n<h3>TropoNoova GmbH<\/h3>\n<p>Kaiserstra\u00dfe 56<br \/>\n80801 M\u00fcnchen<br \/>\nDeutschland<\/p>\n<p>Telefon: +49 89 38859700<\/p>\n<p>E-Mail: <a href=\"mailto:info@troponoova.com\">info@troponoova.com<\/a><\/p>\n<h3>Vertretungsberechtigt<\/h3>\n<p>Martin Wurzer, bac. oec.<\/p>\n<h3>VAT-ID (USt-ID)<\/h3>\n<p>DE308565403<\/p>\n<h3>Urheberrechtsschutz<\/h3>\n<p>Alle Zahnabbildungen und Outlines sind Eigentum und von Dr. Jan Hajt\u00f3 und urheberrechtlich gesch\u00fctzt. Sie d\u00fcrfen vom K\u00e4ufer nur f\u00fcr die zahnmedizinische Pr\u00e4sentation verwendet und in keinerlei Weise weitergegeben werden.<\/p>\n<p>&nbsp;<\/p>\n<h2>Disclaimer \u2013 rechtliche Hinweise<\/h2>\n<h3>1. Haftungsbeschr\u00e4nkung<\/h3>\n<p>Die Inhalte des Internetauftritts wurden mit gr\u00f6\u00dftm\u00f6glicher Sorgfalt und nach bestem Gewissen erstellt. Dennoch \u00fcbernimmt der Anbieter dieser Webseite keine Gew\u00e4hr f\u00fcr die Aktualit\u00e4t, Vollst\u00e4ndigkeit und Richtigkeit der bereitgestellten Seiten und Inhalte.<\/p>\n<p>Als Diensteanbieter ist der Anbieter dieser Webseite gem\u00e4\u00df \u00a7 7 Abs. 1 TMG f\u00fcr eigene Inhalte und bereitgestellte Informationen auf diesen Seiten nach den allgemeinen Gesetzen verantwortlich; nach den \u00a7\u00a7 8 bis 10 TMG jedoch nicht verpflichtet, die \u00fcbermittelten oder gespeicherten fremden Informationen zu \u00fcberwachen. Eine Entfernung oder Sperrung dieser Inhalte erfolgt umgehend ab dem Zeitpunkt der Kenntnis einer konkreten Rechtsverletzung. Eine Haftung ist erst ab dem Zeitpunkt der Kenntniserlangung m\u00f6glich.<\/p>\n<h3>2. Externe Links<\/h3>\n<p>Die Webseite enth\u00e4lt sog. \u201eexterne Links\u201c (Verlinkungen) zu anderen Webseiten, auf deren Inhalt der Anbieter der Webseite keinen Einfluss hat. Aus diesem Grund kann der Anbieter f\u00fcr diese Inhalte auch keine Gew\u00e4hr \u00fcbernehmen.<br \/>\nF\u00fcr die Inhalte und Richtigkeit der bereitgestellten Informationen ist der jeweilige Anbieter der verlinkten Webseite verantwortlich. Zum Zeitpunkt der Verlinkung waren keine Rechtsverst\u00f6\u00dfe erkennbar. Bei Bekanntwerden einer solchen Rechtsverletzung wird der Link umgehend entfernen.<\/p>\n<h3>3. Urheberrecht\/Leistungsschutzrecht<\/h3>\n<p>Die auf dieser Webseite ver\u00f6ffentlichten Inhalte, Werke und bereitgestellten Informationen unterliegen dem deutschen Urheberrecht und Leistungsschutzrecht. Jede Art der Vervielf\u00e4ltigung, Bearbeitung, Verbreitung, Einspeicherung und jede Art der Verwertung au\u00dferhalb der Grenzen des Urheberrechts bedarf der vorherigen schriftlichen Zustimmung des jeweiligen Rechteinhabers. Das unerlaubte Kopieren\/Speichern der bereitgestellten Informationen auf diesen Webseiten ist nicht gestattet und strafbar.<\/p>\n<p>Quelle: <a href=\"http:\/\/www.mustervorlage.net\/\">Mustervorlage.net<\/a><\/p>\n<h3>4. Streitbeilegungsverfahren<\/h3>\n<p>Hinweis gem. \u00a7 36 VSBG: Wir sind zur Teilnahme an einem Streitbeilegungsverfahren vor einer Verbraucherschlichtungsstelle nicht verpflichtet und nicht bereit.<\/p>\n","protected":false},"excerpt":{"rendered":"<p>Impressum TropoNoova GmbH Kaiserstra\u00dfe 56 80801 M\u00fcnchen Deutschland Telefon: +49  [&#8230;]<\/p>\n","protected":false},"author":1,"featured_media":0,"parent":0,"menu_order":0,"comment_status":"closed","ping_status":"closed","template":"","meta":{"footnotes":""},"class_list":["post-2148","page","type-page","status-publish","hentry"],"yoast_head":"<!-- This site is optimized with the Yoast SEO plugin v27.3 - https:\/\/yoast.com\/product\/yoast-seo-wordpress\/ -->\n<title>Impressum - Anteriores Templates<\/title>\n<meta name=\"robots\" content=\"index, follow, max-snippet:-1, max-image-preview:large, max-video-preview:-1\" \/>\n<link rel=\"canonical\" href=\"https:\/\/anteriores-templates.com\/de\/impressum\/\" \/>\n<meta property=\"og:locale\" content=\"de_DE\" \/>\n<meta property=\"og:type\" content=\"article\" \/>\n<meta property=\"og:title\" content=\"Impressum - Anteriores Templates\" \/>\n<meta property=\"og:description\" content=\"Impressum TropoNoova GmbH Kaiserstra\u00dfe 56 80801 M\u00fcnchen Deutschland Telefon: +49 [...]\" \/>\n<meta property=\"og:url\" content=\"https:\/\/anteriores-templates.com\/de\/impressum\/\" \/>\n<meta property=\"og:site_name\" content=\"Anteriores Templates\" \/>\n<meta property=\"article:modified_time\" content=\"2025-07-23T13:42:03+00:00\" \/>\n<meta name=\"twitter:card\" content=\"summary_large_image\" \/>\n<meta name=\"twitter:label1\" content=\"Gesch\u00e4tzte Lesezeit\" \/>\n\t<meta name=\"twitter:data1\" content=\"2\u00a0Minuten\" \/>\n<script type=\"application\/ld+json\" class=\"yoast-schema-graph\">{\"@context\":\"https:\\\/\\\/schema.org\",\"@graph\":[{\"@type\":\"WebPage\",\"@id\":\"https:\\\/\\\/anteriores-templates.com\\\/de\\\/impressum\\\/\",\"url\":\"https:\\\/\\\/anteriores-templates.com\\\/de\\\/impressum\\\/\",\"name\":\"Impressum - Anteriores Templates\",\"isPartOf\":{\"@id\":\"https:\\\/\\\/anteriores-templates.com\\\/#website\"},\"datePublished\":\"2017-11-06T16:00:50+00:00\",\"dateModified\":\"2025-07-23T13:42:03+00:00\",\"breadcrumb\":{\"@id\":\"https:\\\/\\\/anteriores-templates.com\\\/de\\\/impressum\\\/#breadcrumb\"},\"inLanguage\":\"de\",\"potentialAction\":[{\"@type\":\"ReadAction\",\"target\":[\"https:\\\/\\\/anteriores-templates.com\\\/de\\\/impressum\\\/\"]}]},{\"@type\":\"BreadcrumbList\",\"@id\":\"https:\\\/\\\/anteriores-templates.com\\\/de\\\/impressum\\\/#breadcrumb\",\"itemListElement\":[{\"@type\":\"ListItem\",\"position\":1,\"name\":\"Home\",\"item\":\"https:\\\/\\\/anteriores-templates.com\\\/de\\\/\"},{\"@type\":\"ListItem\",\"position\":2,\"name\":\"Impressum\"}]},{\"@type\":\"WebSite\",\"@id\":\"https:\\\/\\\/anteriores-templates.com\\\/#website\",\"url\":\"https:\\\/\\\/anteriores-templates.com\\\/\",\"name\":\"Anteriores Templates\",\"description\":\"Templates for Digital Smile Design (DSD)\",\"potentialAction\":[{\"@type\":\"SearchAction\",\"target\":{\"@type\":\"EntryPoint\",\"urlTemplate\":\"https:\\\/\\\/anteriores-templates.com\\\/?s={search_term_string}\"},\"query-input\":{\"@type\":\"PropertyValueSpecification\",\"valueRequired\":true,\"valueName\":\"search_term_string\"}}],\"inLanguage\":\"de\"}]}<\/script>\n<!-- \/ Yoast SEO plugin. -->","yoast_head_json":{"title":"Impressum - Anteriores Templates","robots":{"index":"index","follow":"follow","max-snippet":"max-snippet:-1","max-image-preview":"max-image-preview:large","max-video-preview":"max-video-preview:-1"},"canonical":"https:\/\/anteriores-templates.com\/de\/impressum\/","og_locale":"de_DE","og_type":"article","og_title":"Impressum - Anteriores Templates","og_description":"Impressum TropoNoova GmbH Kaiserstra\u00dfe 56 80801 M\u00fcnchen Deutschland Telefon: +49 [...]","og_url":"https:\/\/anteriores-templates.com\/de\/impressum\/","og_site_name":"Anteriores Templates","article_modified_time":"2025-07-23T13:42:03+00:00","twitter_card":"summary_large_image","twitter_misc":{"Gesch\u00e4tzte Lesezeit":"2\u00a0Minuten"},"schema":{"@context":"https:\/\/schema.org","@graph":[{"@type":"WebPage","@id":"https:\/\/anteriores-templates.com\/de\/impressum\/","url":"https:\/\/anteriores-templates.com\/de\/impressum\/","name":"Impressum - Anteriores Templates","isPartOf":{"@id":"https:\/\/anteriores-templates.com\/#website"},"datePublished":"2017-11-06T16:00:50+00:00","dateModified":"2025-07-23T13:42:03+00:00","breadcrumb":{"@id":"https:\/\/anteriores-templates.com\/de\/impressum\/#breadcrumb"},"inLanguage":"de","potentialAction":[{"@type":"ReadAction","target":["https:\/\/anteriores-templates.com\/de\/impressum\/"]}]},{"@type":"BreadcrumbList","@id":"https:\/\/anteriores-templates.com\/de\/impressum\/#breadcrumb","itemListElement":[{"@type":"ListItem","position":1,"name":"Home","item":"https:\/\/anteriores-templates.com\/de\/"},{"@type":"ListItem","position":2,"name":"Impressum"}]},{"@type":"WebSite","@id":"https:\/\/anteriores-templates.com\/#website","url":"https:\/\/anteriores-templates.com\/","name":"Anteriores Templates","description":"Templates for Digital Smile Design (DSD)","potentialAction":[{"@type":"SearchAction","target":{"@type":"EntryPoint","urlTemplate":"https:\/\/anteriores-templates.com\/?s={search_term_string}"},"query-input":{"@type":"PropertyValueSpecification","valueRequired":true,"valueName":"search_term_string"}}],"inLanguage":"de"}]}},"_links":{"self":[{"href":"https:\/\/anteriores-templates.com\/de\/wp-json\/wp\/v2\/pages\/2148","targetHints":{"allow":["GET"]}}],"collection":[{"href":"https:\/\/anteriores-templates.com\/de\/wp-json\/wp\/v2\/pages"}],"about":[{"href":"https:\/\/anteriores-templates.com\/de\/wp-json\/wp\/v2\/types\/page"}],"author":[{"embeddable":true,"href":"https:\/\/anteriores-templates.com\/de\/wp-json\/wp\/v2\/users\/1"}],"replies":[{"embeddable":true,"href":"https:\/\/anteriores-templates.com\/de\/wp-json\/wp\/v2\/comments?post=2148"}],"version-history":[{"count":5,"href":"https:\/\/anteriores-templates.com\/de\/wp-json\/wp\/v2\/pages\/2148\/revisions"}],"predecessor-version":[{"id":3850,"href":"https:\/\/anteriores-templates.com\/de\/wp-json\/wp\/v2\/pages\/2148\/revisions\/3850"}],"wp:attachment":[{"href":"https:\/\/anteriores-templates.com\/de\/wp-json\/wp\/v2\/media?parent=2148"}],"curies":[{"name":"wp","href":"https:\/\/api.w.org\/{rel}","templated":true}]}}